{"id":506,"date":"2018-05-23T11:04:49","date_gmt":"2018-05-23T11:04:49","guid":{"rendered":"http:\/\/valley-eu.org\/?page_id=506"},"modified":"2018-07-31T10:10:00","modified_gmt":"2018-07-31T10:10:00","slug":"imprint","status":"publish","type":"page","link":"https:\/\/valley-eu.org\/de\/imprint\/","title":{"rendered":"Impressum"},"content":{"rendered":"<p>BUPNET \u2013 Bildung und Projekt Netzwerk GmbH<br \/>\nAm Leinekanal 4<br \/>\nD-37073 G\u00f6ttingen<\/p>\n<p>Telefon: 0551 54707-0<br \/>\nTelefax: 0551 54707-17<br \/>\nE-Mail: info (at) bupnet.de<\/p>\n<p>Vertretungsberechtigter: Klaus-Peter M\u00fcller<br \/>\nAmtsregister: Amtsgericht G\u00f6ttingen, HRB 2717<br \/>\nUmsatzsteuer-ID: DE184256088<\/p>\n<p>Verantwortlich f\u00fcr den Inhalt nach \u00a755 Abs. 2 RStV:<br \/>\nKlaus-Peter M\u00fcller<br \/>\nBUPNET \u2013 Bildung und Projekt Netzwerk GmbH<br \/>\nAm Leinekanal 4<br \/>\nD-37073 G\u00f6ttingen<\/p>\n<p>Haftungsausschluss<br \/>\nWir haben die Inhalte unserer Webseite nach bestem Wissen und Gewissen erstellt. Wir bitten um Verst\u00e4ndnis, dass wir dennoch keine Garantie daf\u00fcr \u00fcbernehmen, dass die bereitgestellten Informationen in jedem Fall vollst\u00e4ndig, richtig und aktuell sind.<br \/>\nTrotz vorheriger inhaltlicher Pr\u00fcfung \u00fcbernehmen wir auch keine Haftung f\u00fcr die Inhalte externer Webseiten, die \u00fcber Hyperlinks zur Nutzung bereitgestellt werden. Bei diesen Seiten handelt es sich um fremde Angebote, f\u00fcr deren Inhalte ausschlie\u00dflich deren Betreiber verantwortlich sind. Sollten Ihnen Rechtsverst\u00f6\u00dfe oder sonstige unangemessene Inhalte auf einer verlinkten Seite auffallen, bitten wir um einen entsprechenden Hinweis, damit wir den Link l\u00f6schen k\u00f6nnen.<\/p>\n<div class=\"twoclick_social_bookmarks_post_506 social_share_privacy clearfix 1.6.4 locale-de_DE sprite-en_US\"><\/div><div class=\"twoclick-js\"><script type=\"text\/javascript\">\/* <![CDATA[ *\/\njQuery(document).ready(function($){if($('.twoclick_social_bookmarks_post_506')){$('.twoclick_social_bookmarks_post_506').socialSharePrivacy({\"services\":{\"facebook\":{\"status\":\"on\",\"txt_info\":\"2 Klicks f\\u00fcr mehr Datenschutz: Erst wenn Sie hier klicken, wird der Button aktiv und Sie k\\u00f6nnen Ihre Empfehlung an Facebook senden. Schon beim Aktivieren werden Daten an Dritte \\u00fcbertragen - siehe <em>i<\\\/em>.\",\"perma_option\":\"off\",\"action\":\"recommend\",\"language\":\"en_US\"},\"twitter\":{\"reply_to\":\"\",\"tweet_text\":\"Impressum%20%C2%BB%20VALLEY%20Project\",\"status\":\"on\",\"txt_info\":\"2 Klicks f\\u00fcr mehr Datenschutz: Erst wenn Sie hier klicken, wird der Button aktiv und Sie k\\u00f6nnen Ihre Empfehlung an Twitter senden. Schon beim Aktivieren werden Daten an Dritte \\u00fcbertragen - siehe <em>i<\\\/em>.\",\"perma_option\":\"off\",\"language\":\"en\",\"referrer_track\":\"\"},\"gplus\":{\"status\":\"on\",\"txt_info\":\"2 Klicks f\\u00fcr mehr Datenschutz: Erst wenn Sie hier klicken, wird der Button aktiv und Sie k\\u00f6nnen Ihre Empfehlung an Google+ senden. Schon beim Aktivieren werden Daten an Dritte \\u00fcbertragen - siehe <em>i<\\\/em>.\",\"perma_option\":\"off\",\"referrer_track\":\"\"}},\"txt_help\":\"Wenn Sie diese Felder durch einen Klick aktivieren, werden Informationen an Facebook, Twitter, Flattr, Xing, t3n, LinkedIn, Pinterest oder Google eventuell ins Ausland \\u00fcbertragen und unter Umst\\u00e4nden auch dort gespeichert. N\\u00e4heres erfahren Sie durch einen Klick auf das <em>i<\\\/em>.\",\"settings_perma\":\"Dauerhaft aktivieren und Daten\\u00fcber-tragung zustimmen:\",\"info_link\":\"http:\\\/\\\/www.heise.de\\\/ct\\\/artikel\\\/2-Klicks-fuer-mehr-Datenschutz-1333879.html\",\"uri\":\"https:\\\/\\\/valley-eu.org\\\/de\\\/imprint\\\/\",\"post_id\":506,\"post_title_referrer_track\":\"Impressum\",\"display_infobox\":\"on\"});}});\n\/* ]]> *\/<\/script><\/div>","protected":false},"excerpt":{"rendered":"<p>BUPNET \u2013 Bildung und Projekt Netzwerk GmbH Am Leinekanal 4 D-37073 G\u00f6ttingen Telefon: 0551 54707-0 Telefax: 0551 54707-17 E-Mail: info (at) bupnet.de Vertretungsberechtigter: Klaus-Peter M\u00fcller Amtsregister: Amtsgericht G\u00f6ttingen, HRB 2717 Umsatzsteuer-ID: DE184256088 Verantwortlich f\u00fcr den Inhalt nach \u00a755 Abs. 2 RStV: Klaus-Peter M\u00fcller BUPNET \u2013 Bildung und Projekt Netzwerk GmbH Am Leinekanal 4 D-37073 G\u00f6ttingen &hellip; <a href=\"https:\/\/valley-eu.org\/de\/imprint\/\" class=\"more-link\"><span class=\"screen-reader-text\">Impressum<\/span> weiterlesen <span class=\"meta-nav\">&rarr;<\/span><\/a><\/p>\n","protected":false},"author":4,"featured_media":0,"parent":0,"menu_order":0,"comment_status":"closed","ping_status":"closed","template":"","meta":{"_locale":"de_DE","_original_post":"503","footnotes":""},"class_list":["post-506","page","type-page","status-publish","hentry","de-DE"],"_links":{"self":[{"href":"https:\/\/valley-eu.org\/wp-json\/wp\/v2\/pages\/506","targetHints":{"allow":["GET"]}}],"collection":[{"href":"https:\/\/valley-eu.org\/wp-json\/wp\/v2\/pages"}],"about":[{"href":"https:\/\/valley-eu.org\/wp-json\/wp\/v2\/types\/page"}],"author":[{"embeddable":true,"href":"https:\/\/valley-eu.org\/wp-json\/wp\/v2\/users\/4"}],"replies":[{"embeddable":true,"href":"https:\/\/valley-eu.org\/wp-json\/wp\/v2\/comments?post=506"}],"version-history":[{"count":3,"href":"https:\/\/valley-eu.org\/wp-json\/wp\/v2\/pages\/506\/revisions"}],"predecessor-version":[{"id":538,"href":"https:\/\/valley-eu.org\/wp-json\/wp\/v2\/pages\/506\/revisions\/538"}],"wp:attachment":[{"href":"https:\/\/valley-eu.org\/wp-json\/wp\/v2\/media?parent=506"}],"curies":[{"name":"wp","href":"https:\/\/api.w.org\/{rel}","templated":true}]}}